{"id":203233,"date":"2015-08-13T10:23:51","date_gmt":"2015-08-13T08:23:51","guid":{"rendered":"http:\/\/nenasilje.org\/?page_id=203233"},"modified":"2015-08-13T12:01:47","modified_gmt":"2015-08-13T10:01:47","slug":"film-the-fortress-remembering-the-war-short-film-2013","status":"publish","type":"page","link":"https:\/\/nenasilje.org\/en\/online-cinema\/film-the-fortress-remembering-the-war-short-film-2013\/","title":{"rendered":"Film: The fortress, remembering the war, short film (2013)"},"content":{"rendered":"<p>&nbsp;<\/p>\n<p><iframe loading=\"lazy\" width=\"1080\" height=\"608\" src=\"https:\/\/www.youtube.com\/embed\/U1e28BunJcE?feature=oembed\" frameborder=\"0\" allow=\"accelerometer; autoplay; encrypted-media; gyroscope; picture-in-picture\" allowfullscreen><\/iframe><\/p>\n<p>&nbsp;<\/p>\n<p>&nbsp;<\/p>\n<p>&nbsp;<\/p>\n<p>&nbsp;<\/p>\n<p>see a short film made in Summer 2013 during the experimental video workshop<\/p>\n<p>speaks: Sanja Burazerovi\u0107 from Zavidovi\u0107i<\/p>\n<p>length: 4:27 min<\/p>\n<p>author: Nenad Vukosavljevi\u0107<\/p>\n<p>&nbsp;<\/p>\n","protected":false},"excerpt":{"rendered":"<p>&nbsp; &nbsp; &nbsp; &nbsp; &nbsp; see a short film made in Summer 2013 during the experimental video workshop speaks: Sanja Burazerovi\u0107 from Zavidovi\u0107i length: 4:27 min author: Nenad Vukosavljevi\u0107 &nbsp;<\/p>\n","protected":false},"author":31,"featured_media":0,"parent":10077,"menu_order":0,"comment_status":"closed","ping_status":"closed","template":"","meta":{"footnotes":""},"class_list":["post-203233","page","type-page","status-publish","hentry"],"aioseo_notices":[],"_links":{"self":[{"href":"https:\/\/nenasilje.org\/en\/wp-json\/wp\/v2\/pages\/203233","targetHints":{"allow":["GET"]}}],"collection":[{"href":"https:\/\/nenasilje.org\/en\/wp-json\/wp\/v2\/pages"}],"about":[{"href":"https:\/\/nenasilje.org\/en\/wp-json\/wp\/v2\/types\/page"}],"author":[{"embeddable":true,"href":"https:\/\/nenasilje.org\/en\/wp-json\/wp\/v2\/users\/31"}],"replies":[{"embeddable":true,"href":"https:\/\/nenasilje.org\/en\/wp-json\/wp\/v2\/comments?post=203233"}],"version-history":[{"count":0,"href":"https:\/\/nenasilje.org\/en\/wp-json\/wp\/v2\/pages\/203233\/revisions"}],"up":[{"embeddable":true,"href":"https:\/\/nenasilje.org\/en\/wp-json\/wp\/v2\/pages\/10077"}],"wp:attachment":[{"href":"https:\/\/nenasilje.org\/en\/wp-json\/wp\/v2\/media?parent=203233"}],"curies":[{"name":"wp","href":"https:\/\/api.w.org\/{rel}","templated":true}]}}