{"id":4486,"date":"2011-11-16T12:13:34","date_gmt":"2011-11-16T11:13:34","guid":{"rendered":"http:\/\/wordpress.cna.hostingkunde.de\/?page_id=4486"},"modified":"2026-04-07T09:37:15","modified_gmt":"2026-04-07T07:37:15","slug":"donations","status":"publish","type":"page","link":"https:\/\/nenasilje.org\/en\/donations\/","title":{"rendered":"donations"},"content":{"rendered":"<div class=\"et_pb_section_0 et_pb_section et_section_regular et_block_section\">\n<div class=\"et_pb_row_0 et_pb_row et_block_row\">\n<div class=\"et_pb_column_0 et_pb_column et_pb_column_4_4 et-last-child et_block_column et_pb_css_mix_blend_mode_passthrough\">\n<div class=\"et_pb_text_0 et_pb_text et_pb_bg_layout_light et_pb_module et_block_module\"><div class=\"et_pb_text_inner\"><p>Thank You for your support!<\/p>\n<p>&nbsp;<\/p>\n<p>Transfers in EUR can be made directly to any of the 2 listed accounts.<\/p>\n<p>&nbsp;<\/p>\n<p>Name: CENTAR ZA NENASILNU AKCIJU, PREDSTAVNI\u0160TVO\u00a0BEOGRAD<\/p>\n<p>Beneficiary\u2019s address: D\u017eord\u017ea Va\u0161ingtona 2, 11108 Belgrade, Serbia<\/p>\n<p>IBAN: <strong>RS35265100000019137472<\/strong><\/p>\n<p>Raiffeisen banka<\/p>\n<p>SWIFT: <strong>RZBSRSBG<\/strong><\/p>\n<p>&nbsp;<\/p>\n<p>HO BILDUNGS UND BEGEGNUNGSSTATTE FUR GEWALTFREIE AKTION - CNA<\/p>\n<p>Beneficiary\u2019s address: Kranj\u010devi\u0107eva 33, 71000 Sarajevo, Bosnia-Herzegovina<\/p>\n<p>IBAN:<strong>\u00a0BA391611000002458717<\/strong><\/p>\n<p>Raiffeisen bank dd Bosna i Hercegovina<\/p>\n<p>SWIFT: <strong>RZBABA2S<\/strong><\/p>\n<pre><\/pre>\n<p>&nbsp;<\/p>\n<\/div><\/div>\n<\/div>\n<\/div>\n<\/div>","protected":false},"excerpt":{"rendered":"","protected":false},"author":2,"featured_media":0,"parent":0,"menu_order":0,"comment_status":"closed","ping_status":"closed","template":"","meta":{"footnotes":""},"class_list":["post-4486","page","type-page","status-publish","hentry"],"aioseo_notices":[],"_links":{"self":[{"href":"https:\/\/nenasilje.org\/en\/wp-json\/wp\/v2\/pages\/4486","targetHints":{"allow":["GET"]}}],"collection":[{"href":"https:\/\/nenasilje.org\/en\/wp-json\/wp\/v2\/pages"}],"about":[{"href":"https:\/\/nenasilje.org\/en\/wp-json\/wp\/v2\/types\/page"}],"author":[{"embeddable":true,"href":"https:\/\/nenasilje.org\/en\/wp-json\/wp\/v2\/users\/2"}],"replies":[{"embeddable":true,"href":"https:\/\/nenasilje.org\/en\/wp-json\/wp\/v2\/comments?post=4486"}],"version-history":[{"count":4,"href":"https:\/\/nenasilje.org\/en\/wp-json\/wp\/v2\/pages\/4486\/revisions"}],"predecessor-version":[{"id":247038,"href":"https:\/\/nenasilje.org\/en\/wp-json\/wp\/v2\/pages\/4486\/revisions\/247038"}],"wp:attachment":[{"href":"https:\/\/nenasilje.org\/en\/wp-json\/wp\/v2\/media?parent=4486"}],"curies":[{"name":"wp","href":"https:\/\/api.w.org\/{rel}","templated":true}]}}