{"id":4489,"date":"2011-11-16T13:06:41","date_gmt":"2011-11-16T12:06:41","guid":{"rendered":"http:\/\/wordpress.cna.hostingkunde.de\/?page_id=4489"},"modified":"2024-02-14T09:35:52","modified_gmt":"2024-02-14T08:35:52","slug":"donations-direct-transfer-to-cna-accounts","status":"publish","type":"page","link":"https:\/\/nenasilje.org\/en\/donations\/donations-direct-transfer-to-cna-accounts\/","title":{"rendered":"donate to CNA account"},"content":{"rendered":"<p>Transfers in EUR can be made directly to any of the listed accounts.<\/p>\n<p>Name: CENTAR ZA NENASILNU AKCIJU, PREDSTAVNI\u0160TVO<\/p>\n<p>Beneficiary\u2019s address: D\u017eord\u017ea Va\u0161ingtona 2, 11108 Belgrade, Serbia<\/p>\n<p>Beneficiary\u2019s acc no. in Raiffeisen bank: <span style=\"font-family: Calibri; font-size: large;\">RS35265100000019137472<\/span><\/p>\n<p>Bank of beneficiary: RAIFFEISEN BANKA AD BEOGRAD, RS<\/p>\n<p>SWIFT: RZBAATWW<\/p>\n<p>&nbsp;<\/p>\n<p>&nbsp;<\/p>\n<p>Name: Udruzenje Centar za nenasilnu akciju<\/p>\n<p>IBAN (account number): BA391941410475701268<\/p>\n<p>Beneficiary bank: ProCredit Bank d.d. Sarajevo, Bosnia and Herzegovina<\/p>\n<p>BIC: MEBBBA22XXX<\/p>\n<p>&nbsp;<\/p>\n","protected":false},"excerpt":{"rendered":"<p>Transfers in EUR can be made directly to any of the listed accounts. Name: CENTAR ZA NENASILNU AKCIJU, PREDSTAVNI\u0160TVO Beneficiary\u2019s address: D\u017eord\u017ea Va\u0161ingtona 2, 11108 Belgrade, Serbia Beneficiary\u2019s acc no. in Raiffeisen bank: RS35265100000019137472 Bank of beneficiary: RAIFFEISEN BANKA AD BEOGRAD, RS SWIFT: RZBAATWW &nbsp; &nbsp; Name: Udruzenje Centar za nenasilnu akciju IBAN (account number): [&hellip;]<\/p>\n","protected":false},"author":2,"featured_media":0,"parent":4486,"menu_order":0,"comment_status":"closed","ping_status":"closed","template":"","meta":{"footnotes":""},"class_list":["post-4489","page","type-page","status-publish","hentry"],"aioseo_notices":[],"_links":{"self":[{"href":"https:\/\/nenasilje.org\/en\/wp-json\/wp\/v2\/pages\/4489","targetHints":{"allow":["GET"]}}],"collection":[{"href":"https:\/\/nenasilje.org\/en\/wp-json\/wp\/v2\/pages"}],"about":[{"href":"https:\/\/nenasilje.org\/en\/wp-json\/wp\/v2\/types\/page"}],"author":[{"embeddable":true,"href":"https:\/\/nenasilje.org\/en\/wp-json\/wp\/v2\/users\/2"}],"replies":[{"embeddable":true,"href":"https:\/\/nenasilje.org\/en\/wp-json\/wp\/v2\/comments?post=4489"}],"version-history":[{"count":2,"href":"https:\/\/nenasilje.org\/en\/wp-json\/wp\/v2\/pages\/4489\/revisions"}],"predecessor-version":[{"id":241416,"href":"https:\/\/nenasilje.org\/en\/wp-json\/wp\/v2\/pages\/4489\/revisions\/241416"}],"up":[{"embeddable":true,"href":"https:\/\/nenasilje.org\/en\/wp-json\/wp\/v2\/pages\/4486"}],"wp:attachment":[{"href":"https:\/\/nenasilje.org\/en\/wp-json\/wp\/v2\/media?parent=4489"}],"curies":[{"name":"wp","href":"https:\/\/api.w.org\/{rel}","templated":true}]}}