{"id":4562,"date":"2011-11-17T13:44:39","date_gmt":"2011-11-17T12:44:39","guid":{"rendered":"http:\/\/wordpress.cna.hostingkunde.de\/?page_id=4562"},"modified":"2024-01-09T09:19:19","modified_gmt":"2024-01-09T08:19:19","slug":"journals-and-magazines","status":"publish","type":"page","link":"https:\/\/nenasilje.org\/en\/e-library\/journals-and-magazines\/","title":{"rendered":"Journals and magazines"},"content":{"rendered":"<p>&nbsp;<\/p>\n<p><strong>In English:<\/strong><\/p>\n<p><a href=\"http:\/\/www.c-r.org\/resources\/evolution-committee-conflict-transformation-support-ccts-1992-2006\" target=\"_blank\" rel=\"noopener noreferrer\">Committee for Conflict Transformation Support Newsletters<\/a><br \/>\n<a href=\"http:\/\/www.cco.regener-online.de\/\" target=\"_blank\" rel=\"noopener noreferrer\">Conflict &amp; communication online<\/a>\u00a0\u2013 (from conflict management to journalism)<br \/>\nHelsinki Charter, Helsinki Committee for Human Rights in Serbia<br \/>\nNew Left Review<br \/>\nPeace, Conflict &amp; Development, Dept. of Peace Studies, University of Bradford<br \/>\n<a href=\"https:\/\/nsuworks.nova.edu\/pcs\/\" target=\"_blank\" rel=\"noopener noreferrer\">Peace and Conflict Studies<\/a><br \/>\nThe Online Journal of Peace and Conflict Resolution, Tabula Rasa Institute<br \/>\nTrack Two, Centre for Conflict Resolution and the Media Peace Centre<br \/>\n<a href=\"http:\/\/www.warresisters.org\/win\/\" target=\"_blank\" rel=\"noopener noreferrer\">WIN Through Revolutionary Nonviolence<\/a>\u00a0&#8211; new quarterly magazine of the War Resisters League<\/p>\n<p>&nbsp;<\/p>\n<p>In Bosnian\/Croatian\/Serbian:<\/p>\n<p><a href=\"http:\/\/www.6yka.com\/\" target=\"_blank\" rel=\"noopener noreferrer\">Buka<\/a>\u00a0&#8211; online magazin za online mislioce<br \/>\n<a href=\"http:\/\/hrcak.srce.hr\/diskrepancija\" target=\"_blank\" rel=\"noopener noreferrer\">Diskrepancija\u00a0<\/a>&#8211; studentski \u010dasopis koji objavljuje radove iz podru\u010dja dru\u0161tvenih i humanisti\u010dkih znanosti<br \/>\n<a href=\"http:\/\/www.spiritofbosnia.org\/?lang=bos\" target=\"_blank\" rel=\"noopener noreferrer\">Duh Bosne<\/a>\u00a0&#8211; me\u0111unarodni, interdisciplinarni, dvojezi\u010dni online \u010dasopis<br \/>\n<a href=\"http:\/\/www.h-alter.org\/\" target=\"_blank\" rel=\"noopener noreferrer\">H-alter<\/a>, Hrvacka alternativa, Udruga za nezavisnu medijsku kulturu<br \/>\n<a href=\"http:\/\/www.helsinki.org.rs\/serbian\/hpovelja.html\" target=\"_blank\" rel=\"noopener noreferrer\">Helsinska povelja<\/a><br \/>\n<a href=\"http:\/\/hrcak.srce.hr\/\" target=\"_blank\" rel=\"noopener noreferrer\">Hr\u010dak<\/a>\u00a0&#8211; Portal znanstvenih \u010dasopisa Republike Hrvatske<br \/>\nPravda u tranziciji\u00a0&#8211; \u010casopis Tu\u017eila\u0161tva za ratne zlo\u010dine Republike Srbije u saradnji sa Centrom za tranzicione procese, Beograd<br \/>\n<a href=\"http:\/\/www.fabrikaknjiga.co.rs\/knjige\/casopis-rec\/\" target=\"_blank\" rel=\"noopener noreferrer\">RE\u010c<\/a>\u00a0&#8211; \u010dasopis za knji\u017eevnost, kulturu, i dru\u0161tvena pitanja<br \/>\nRepublika\u00a0&#8211; Glasilo gra\u0111anskog samoosloba\u0111anja. Protiv stihije straha, mr\u017enje i nasilja<br \/>\nTemida\u00a0&#8211; \u010dasopis o viktimizaciji, ljudskim pravima i rodu<br \/>\nZamirZine\u00a0&#8211; novine za civilno dru\u0161tvo i urbanu kulturu<br \/>\n<a href=\"http:\/\/www.zarez.hr\/\" target=\"_blank\" rel=\"noopener noreferrer\">Zarez<\/a>\u00a0&#8211; dvotjednik za kulturna i dru\u0161tvena zbivanja<\/p>\n","protected":false},"excerpt":{"rendered":"<p>&nbsp; In English: Committee for Conflict Transformation Support Newsletters Conflict &amp; communication online\u00a0\u2013 (from conflict management to journalism) Helsinki Charter, Helsinki Committee for Human Rights in Serbia New Left Review Peace, Conflict &amp; Development, Dept. of Peace Studies, University of Bradford Peace and Conflict Studies The Online Journal of Peace and Conflict Resolution, Tabula Rasa [&hellip;]<\/p>\n","protected":false},"author":38,"featured_media":215577,"parent":4027,"menu_order":0,"comment_status":"closed","ping_status":"closed","template":"","meta":{"footnotes":""},"class_list":["post-4562","page","type-page","status-publish","has-post-thumbnail","hentry"],"aioseo_notices":[],"_links":{"self":[{"href":"https:\/\/nenasilje.org\/en\/wp-json\/wp\/v2\/pages\/4562","targetHints":{"allow":["GET"]}}],"collection":[{"href":"https:\/\/nenasilje.org\/en\/wp-json\/wp\/v2\/pages"}],"about":[{"href":"https:\/\/nenasilje.org\/en\/wp-json\/wp\/v2\/types\/page"}],"author":[{"embeddable":true,"href":"https:\/\/nenasilje.org\/en\/wp-json\/wp\/v2\/users\/38"}],"replies":[{"embeddable":true,"href":"https:\/\/nenasilje.org\/en\/wp-json\/wp\/v2\/comments?post=4562"}],"version-history":[{"count":3,"href":"https:\/\/nenasilje.org\/en\/wp-json\/wp\/v2\/pages\/4562\/revisions"}],"predecessor-version":[{"id":241286,"href":"https:\/\/nenasilje.org\/en\/wp-json\/wp\/v2\/pages\/4562\/revisions\/241286"}],"up":[{"embeddable":true,"href":"https:\/\/nenasilje.org\/en\/wp-json\/wp\/v2\/pages\/4027"}],"wp:featuredmedia":[{"embeddable":true,"href":"https:\/\/nenasilje.org\/en\/wp-json\/wp\/v2\/media\/215577"}],"wp:attachment":[{"href":"https:\/\/nenasilje.org\/en\/wp-json\/wp\/v2\/media?parent=4562"}],"curies":[{"name":"wp","href":"https:\/\/api.w.org\/{rel}","templated":true}]}}